{"id":144,"date":"2024-03-21T10:15:38","date_gmt":"2024-03-21T09:15:38","guid":{"rendered":"https:\/\/www.dropyourluggage.it\/?page_id=144"},"modified":"2024-04-03T11:28:09","modified_gmt":"2024-04-03T09:28:09","slug":"privacy-policy","status":"publish","type":"page","link":"https:\/\/www.dropyourluggage.it\/it\/privacy-policy\/","title":{"rendered":"Privacy policy"},"content":{"rendered":"\t\t<div data-elementor-type=\"wp-page\" data-elementor-id=\"144\" class=\"elementor elementor-144\">\n\t\t\t\t\t\t<section class=\"elementor-section elementor-top-section elementor-element elementor-element-cb5d0eb false false elementor-section-boxed elementor-section-height-default elementor-section-height-default\" data-id=\"cb5d0eb\" data-element_type=\"section\" data-e-type=\"section\">\n\t\t\t\t\t\t<div class=\"elementor-container elementor-column-gap-default\">\n\t\t\t\t\t<div class=\"elementor-column elementor-col-100 elementor-top-column elementor-element elementor-element-ee95113\" data-id=\"ee95113\" data-element_type=\"column\" data-e-type=\"column\">\n\t\t\t<div class=\"elementor-widget-wrap elementor-element-populated\">\n\t\t\t\t\t\t<div class=\"elementor-element elementor-element-3589df6 elementor-widget elementor-widget-text-editor\" data-id=\"3589df6\" data-element_type=\"widget\" data-e-type=\"widget\" data-widget_type=\"text-editor.default\">\n\t\t\t\t<div class=\"elementor-widget-container\">\n\t\t\t\t\t\t\t\t\t<p>Privacy Policy<\/p><p>Dropyourluggage (via degli zingari 29 00184 Roma) si prende cura della privacy online dei propri utenti.\u00a0Il presente documento, redatto ai sensi dell\u2019art. 13 del Regolamento UE 679\/2016 (di seguito anche \u201cRegolamento\u201d), della normativa italiana di armonizzazione e dei provvedimenti adottati dall\u2019Autorit\u00e0 Garante per la protezione dei dati personali (di seguito complessivamente, \u201cNormativa Privacy\u201d) ha lo scopo di spiegare come i dati personali dei naviganti vengono gestiti quando si utilizza questo sito web.\u00a0Conformemente al Regolamento, i trattamenti effettuati da Dropyourluggage saranno improntati ai principi di liceit\u00e0, correttezza, trasparenza, limitazione delle finalit\u00e0 e della conservazione, minimizzazione dei dati, esattezza, integrit\u00e0 e riservatezza.<\/p><p>TITOLARE DEL TRATTAMENTO<\/p><p>Il titolare dei trattamenti svolti attraverso il sito \u00e8\u00a0Dropyourluggage (anche pi\u00f9 semplicemente \u201cil Titolare\u201d). Per qualunque informazione inerente il trattamento dei dati personali da parte del Titolare, si pu\u00f2 scrivere al seguente indirizzo:\u00a0dropyourluggage1@gmail.com.<\/p><p>DATI PERSONALI TRATTATI<\/p><p>La informiamo che il Titolare tratter\u00e0 dati personali che potranno essere costituiti da un identificativo come il nome, cognome, un numero d\u2019identificazione, un identificativo online o da uno o pi\u00f9 elementi caratteristici della Sua identit\u00e0, idonei a rendere il soggetto interessato identificato o identificabile (di seguito solo \u201cDati\u00a0Personali\u201d).\u00a0I Dati Personali trattati attraverso il Sito sono i seguenti:<\/p><p>a) Dati di navigazione<\/p><p>I sistemi informatici e le procedure software preposte al funzionamento del Sito acquisiscono, nel corso del loro normale esercizio, alcuni Dati Personali la cui trasmissione \u00e8 implicita nell\u2019uso dei protocolli di comunicazione di Internet. Si tratta di informazioni che non sono raccolte per essere associate a interessati identificati, ma che per loro stessa natura potrebbero, attraverso elaborazioni e associazioni con dati detenuti da terzi, permettere d\u2019identificare gli utenti. In questa categoria di dati rientrano gli indirizzi IP o i nomi a dominio dei computer utilizzati dagli utenti che si connettono al Sito, gli indirizzi in notazione URI (Uniform Resource Identifier) delle risorse richieste, l\u2019orario della richiesta, il metodo utilizzato nel sottoporre la richiesta al server, la dimensione del file ottenuto in risposta, il codice numerico indicante lo stato della risposta data dal server (buon fine, errore,\u00a0etc.) ed altri parametri relativi al sistema operativo e all\u2019ambiente informatico dell\u2019utente. Questi dati vengono utilizzati al solo fine di ricavare informazioni statistiche anonime sull\u2019uso del Sito e per controllarne il corretto funzionamento,\u00a0per identificare anomalie e\/o abusi,\u00a0e vengono cancellati immediatamente dopo l\u2019elaborazione. I dati potrebbero essere utilizzati per l\u2019accertamento di responsabilit\u00e0 in caso d\u2019ipotetici reati informatici ai danni del sito o di terzi.<\/p><p>b) Cookies<\/p><p>Definizioni, caratteristiche e applicazione della normativa<\/p><p>I cookie sono piccoli file di testo che i siti visitati dall\u2019utente inviano e registrano sul suo computer o dispositivo mobile, per essere poi ritrasmessi agli stessi siti alla successiva visita. Proprio grazie ai cookie un sito ricorda le azioni e preferenze dell\u2019utente (come, ad esempio, i dati di login, la lingua prescelta, le dimensioni dei caratteri, altre impostazioni di visualizzazione, etc.) in modo che non debbano essere indicate nuovamente quando l\u2019utente torni a visitare detto sito o navighi da una pagina all\u2019altra di esso. I cookie, quindi, sono usati per eseguire autenticazioni informatiche, monitoraggio di sessioni e memorizzazione d\u2019informazioni riguardanti le attivit\u00e0 degli utenti che accedono ad un sito e possono contenere anche un codice identificativo unico che consente di tenere traccia della navigazione dell\u2019utente all\u2019interno del sito stesso per finalit\u00e0 statistiche o pubblicitarie. Nel corso della navigazione su un sito, l\u2019utente pu\u00f2 ricevere sul suo computer anche cookie di siti o di web server diversi da quello che sta visitando (c.d. cookie di \u201cterze parti\u201d). Alcune operazioni non potrebbero essere compiute senza l\u2019uso dei cookie, che in certi casi sono quindi tecnicamente necessari per lo stesso funzionamento del sito.<\/p><p>Esistono vari tipi di cookie, a seconda delle loro caratteristiche e funzioni, e questi possono rimanere nel computer dell\u2019utente per periodi di tempo diversi: c.d. cookie di sessione, che vengono\u00a0automaticamente cancellati alla chiusura del browser; c.d. cookie persistenti, che permangono sull\u2019apparecchiatura dell\u2019utente fino a una scadenza prestabilita.<\/p><p>In base alla normativa vigente in Italia, per l\u2019utilizzo dei cookie non sempre \u00e8 richiesto un espresso consenso dell\u2019utente. In particolare, non richiedono tale consenso i \u201ccookie tecnici\u201d, cio\u00e8 quelli utilizzati al solo fine di effettuare la trasmissione di una comunicazione su una rete di comunicazione elettronica, o nella misura strettamente necessaria per erogare un servizio esplicitamente richiesto dall\u2019utente. Si tratta, in altre parole, di cookie indispensabili per il funzionamento del sito o necessari per eseguire attivit\u00e0 richieste dall\u2019utente.<\/p><p>MODALIT\u00c0 DEL TRATTAMENTO, FINALIT\u00c0 E BASE GIURIDICA<\/p><p>I dati personali sono trattati nel rispetto della Normativa Privacy con strumenti automatizzati per il tempo strettamente necessario a conseguire gli scopi per consentirle la navigazione sul nostro sito e per eventuali ulteriori servizi a richiesta. Specifiche misure di sicurezza ai sensi dell\u2019art. 32 GDPR sono osservate per prevenire la perdita dei dati, usi illeciti o non corretti e accessi non autorizzati.<\/p><p>\u00c8 fatto salvo il diritto del Titolare di utilizzare i dati raccolti per l\u2019accertamento di responsabilit\u00e0 nel caso di reati informatici ai danni del Sito e per adempiere ad obblighi di legge.<\/p><p>La base legale del trattamento di Dati Personali per le finalit\u00e0 descritte \u00e8 l\u2019art. 6 (1) (f) del Regolamento in quanto i trattamenti sono necessari per consentirle la navigazione e usufruire dei relativi servizi. Ove vengano richiesti dall\u2019utente particolari servizi, verr\u00e0 fornita apposita informativa e verr\u00e0 richiesto il consenso al trattamento.<\/p><p>Tenuto presente quanto sopra specificato per i dati di navigazione, l\u2019utente ha libera facolt\u00e0 di fornire i dati personali riportati in moduli elettronici e in altre sezioni del presente Sito o comunque indicati in occasioni di contatto con il Titolare per utilizzo di ulteriori servizi, richieste d\u2019informazioni e altre comunicazioni.<\/p><p>COMUNICAZIONE E DIFFUSIONE DEI DATI<\/p><p>I Suoi Dati Personali potranno essere condivisi con:<\/p><p>soggetti che agiscono tipicamente in qualit\u00e0 di responsabili del trattamento, come ad esempio\u00a0il gestore del sito Internet\u00a0(collettivamente \u201cDestinatari\u201d).\u00a0La lista aggiornata dei responsabili \u00e8 disponibile su richiesta, scrivendo al Titolare ai recapiti indicati;<br \/>soggetti, enti o autorit\u00e0 a cui sia obbligatorio comunicare i Suoi dati personali in forza di disposizioni di legge o di ordini delle autorit\u00e0;<br \/>persone autorizzate dal Titolare al trattamento di Dati Personali per svolgere attivit\u00e0 strettamente correlate all\u2019erogazione dei servizi,\u00a0che\u00a0si siano impegnate alla riservatezza o abbiano un adeguato obbligo legale di riservatezza (es. dipendenti di\u00a0Dropyourluggage).<\/p><p>TRASFERIMENTI DEI DATI PERSONALI<\/p><p>I Suoi dati non verranno trasferiti a destinatari che si trovano al di fuori dello Spazio Economico Europeo.\u00a0Dropyourluggage assicura che qualora ci\u00f2 avvenisse, i trasferimenti si baseranno su una decisione di adeguatezza, sulle\u00a0Standard Contractual Clauses\u00a0approvate dalla Commissione Europea o su un\u2019altra idonea base giuridica. Maggiori informazioni sono disponibili presso il Titolare scrivendo ai recapiti indicati.<\/p><p>CONSERVAZIONE DEI DATI<\/p><p>I Dati Personali trattati saranno conservati per il tempo strettamente necessario a raggiungere le finalit\u00e0 esposte. In ogni caso, trattandosi di trattamenti svolti per la fornitura di servizi, il Titolare tratter\u00e0 i Dati Personali fino al tempo permesso dalla normativa italiana a tutela dei propri interessi (Art. 2946 c.c. e ss.). Maggiori informazioni in merito al periodo di conservazione dei dati e ai criteri utilizzati per determinare tale periodo sono indicate nelle specifiche informative relative ai servizi richiesti e possono comunque essere richieste scrivendo al Titolare ai recapiti indicati.<\/p><p>DIRITTI DELL\u2019INTERESSATO<\/p><p>In relazione al trattamento dei Suoi dati, Lei potr\u00e0 esercitare i diritti previsti dagli articoli da 15 a 22 del GDPR, consistenti nel diritto di chiedere l\u2019accesso ai dati personali, la rettifica, l\u2019integrazione o la cancellazione degli stessi, la limitazione al trattamento o l\u2019opposizione al trattamento ed eventualmente, al ricorrere delle condizioni, il diritto alla portabilit\u00e0 mediante comunicazione indirizzata a info@vaeviaggia.it<\/p><p>Dropyourluggage le ricorda, inoltre, che potr\u00e0 sempre esercitare un diritto di reclamo presso l\u2019Autorit\u00e0 Garante per la protezione dei dati personali visitando la pagina www.garanteprivacy.it.<\/p>\t\t\t\t\t\t\t\t<\/div>\n\t\t\t\t<\/div>\n\t\t\t\t\t<\/div>\n\t\t<\/div>\n\t\t\t\t\t<\/div>\n\t\t<\/section>\n\t\t\t\t<\/div>\n\t\t","protected":false},"excerpt":{"rendered":"<p>Privacy Policy Dropyourluggage (via degli zingari 29 00184 Roma) si prende cura della privacy online dei propri utenti.\u00a0Il presente documento, redatto ai sensi dell\u2019art. 13 del Regolamento UE 679\/2016 (di seguito anche \u201cRegolamento\u201d), della normativa italiana di armonizzazione e dei provvedimenti adottati dall\u2019Autorit\u00e0 Garante per la protezione dei dati personali (di seguito complessivamente, \u201cNormativa Privacy\u201d) [&hellip;]<\/p>\n","protected":false},"author":2,"featured_media":0,"parent":0,"menu_order":0,"comment_status":"closed","ping_status":"closed","template":"","meta":{"_acf_changed":false,"footnotes":""},"class_list":["post-144","page","type-page","status-publish","hentry"],"acf":[],"yoast_head":"<!-- This site is optimized with the Yoast SEO plugin v27.4 - https:\/\/yoast.com\/product\/yoast-seo-wordpress\/ -->\n<title>Privacy policy - Dropy Your Luggage<\/title>\n<meta name=\"robots\" content=\"index, follow, max-snippet:-1, max-image-preview:large, max-video-preview:-1\" \/>\n<link rel=\"canonical\" href=\"https:\/\/www.dropyourluggage.it\/it\/privacy-policy\/\" \/>\n<meta property=\"og:locale\" content=\"it_IT\" \/>\n<meta property=\"og:type\" content=\"article\" \/>\n<meta property=\"og:title\" content=\"Privacy policy - Dropy Your Luggage\" \/>\n<meta property=\"og:description\" content=\"Privacy Policy Dropyourluggage (via degli zingari 29 00184 Roma) si prende cura della privacy online dei propri utenti.\u00a0Il presente documento, redatto ai sensi dell\u2019art. 13 del Regolamento UE 679\/2016 (di seguito anche \u201cRegolamento\u201d), della normativa italiana di armonizzazione e dei provvedimenti adottati dall\u2019Autorit\u00e0 Garante per la protezione dei dati personali (di seguito complessivamente, \u201cNormativa Privacy\u201d) [&hellip;]\" \/>\n<meta property=\"og:url\" content=\"https:\/\/www.dropyourluggage.it\/it\/privacy-policy\/\" \/>\n<meta property=\"og:site_name\" content=\"Dropy Your Luggage\" \/>\n<meta property=\"article:modified_time\" content=\"2024-04-03T09:28:09+00:00\" \/>\n<meta name=\"twitter:card\" content=\"summary_large_image\" \/>\n<meta name=\"twitter:label1\" content=\"Tempo di lettura stimato\" \/>\n\t<meta name=\"twitter:data1\" content=\"7 minuti\" \/>\n<script type=\"application\/ld+json\" class=\"yoast-schema-graph\">{\"@context\":\"https:\\\/\\\/schema.org\",\"@graph\":[{\"@type\":\"WebPage\",\"@id\":\"https:\\\/\\\/www.dropyourluggage.it\\\/it\\\/privacy-policy\\\/\",\"url\":\"https:\\\/\\\/www.dropyourluggage.it\\\/it\\\/privacy-policy\\\/\",\"name\":\"Privacy policy - Dropy Your Luggage\",\"isPartOf\":{\"@id\":\"https:\\\/\\\/www.dropyourluggage.it\\\/it\\\/#website\"},\"datePublished\":\"2024-03-21T09:15:38+00:00\",\"dateModified\":\"2024-04-03T09:28:09+00:00\",\"breadcrumb\":{\"@id\":\"https:\\\/\\\/www.dropyourluggage.it\\\/it\\\/privacy-policy\\\/#breadcrumb\"},\"inLanguage\":\"it-IT\",\"potentialAction\":[{\"@type\":\"ReadAction\",\"target\":[\"https:\\\/\\\/www.dropyourluggage.it\\\/it\\\/privacy-policy\\\/\"]}]},{\"@type\":\"BreadcrumbList\",\"@id\":\"https:\\\/\\\/www.dropyourluggage.it\\\/it\\\/privacy-policy\\\/#breadcrumb\",\"itemListElement\":[{\"@type\":\"ListItem\",\"position\":1,\"name\":\"Home\",\"item\":\"https:\\\/\\\/www.dropyourluggage.it\\\/it\\\/\"},{\"@type\":\"ListItem\",\"position\":2,\"name\":\"Privacy policy\"}]},{\"@type\":\"WebSite\",\"@id\":\"https:\\\/\\\/www.dropyourluggage.it\\\/it\\\/#website\",\"url\":\"https:\\\/\\\/www.dropyourluggage.it\\\/it\\\/\",\"name\":\"Dropy Our Luggage\",\"description\":\"\",\"publisher\":{\"@id\":\"https:\\\/\\\/www.dropyourluggage.it\\\/it\\\/#organization\"},\"potentialAction\":[{\"@type\":\"SearchAction\",\"target\":{\"@type\":\"EntryPoint\",\"urlTemplate\":\"https:\\\/\\\/www.dropyourluggage.it\\\/it\\\/?s={search_term_string}\"},\"query-input\":{\"@type\":\"PropertyValueSpecification\",\"valueRequired\":true,\"valueName\":\"search_term_string\"}}],\"inLanguage\":\"it-IT\"},{\"@type\":\"Organization\",\"@id\":\"https:\\\/\\\/www.dropyourluggage.it\\\/it\\\/#organization\",\"name\":\"Dropy Our Luggage\",\"url\":\"https:\\\/\\\/www.dropyourluggage.it\\\/it\\\/\",\"logo\":{\"@type\":\"ImageObject\",\"inLanguage\":\"it-IT\",\"@id\":\"https:\\\/\\\/www.dropyourluggage.it\\\/it\\\/#\\\/schema\\\/logo\\\/image\\\/\",\"url\":\"https:\\\/\\\/www.dropyourluggage.it\\\/wp-content\\\/uploads\\\/2024\\\/03\\\/logo.png\",\"contentUrl\":\"https:\\\/\\\/www.dropyourluggage.it\\\/wp-content\\\/uploads\\\/2024\\\/03\\\/logo.png\",\"width\":400,\"height\":405,\"caption\":\"Dropy Our Luggage\"},\"image\":{\"@id\":\"https:\\\/\\\/www.dropyourluggage.it\\\/it\\\/#\\\/schema\\\/logo\\\/image\\\/\"}}]}<\/script>\n<!-- \/ Yoast SEO plugin. -->","yoast_head_json":{"title":"Privacy policy - Dropy Your Luggage","robots":{"index":"index","follow":"follow","max-snippet":"max-snippet:-1","max-image-preview":"max-image-preview:large","max-video-preview":"max-video-preview:-1"},"canonical":"https:\/\/www.dropyourluggage.it\/it\/privacy-policy\/","og_locale":"it_IT","og_type":"article","og_title":"Privacy policy - Dropy Your Luggage","og_description":"Privacy Policy Dropyourluggage (via degli zingari 29 00184 Roma) si prende cura della privacy online dei propri utenti.\u00a0Il presente documento, redatto ai sensi dell\u2019art. 13 del Regolamento UE 679\/2016 (di seguito anche \u201cRegolamento\u201d), della normativa italiana di armonizzazione e dei provvedimenti adottati dall\u2019Autorit\u00e0 Garante per la protezione dei dati personali (di seguito complessivamente, \u201cNormativa Privacy\u201d) [&hellip;]","og_url":"https:\/\/www.dropyourluggage.it\/it\/privacy-policy\/","og_site_name":"Dropy Your Luggage","article_modified_time":"2024-04-03T09:28:09+00:00","twitter_card":"summary_large_image","twitter_misc":{"Tempo di lettura stimato":"7 minuti"},"schema":{"@context":"https:\/\/schema.org","@graph":[{"@type":"WebPage","@id":"https:\/\/www.dropyourluggage.it\/it\/privacy-policy\/","url":"https:\/\/www.dropyourluggage.it\/it\/privacy-policy\/","name":"Privacy policy - Dropy Your Luggage","isPartOf":{"@id":"https:\/\/www.dropyourluggage.it\/it\/#website"},"datePublished":"2024-03-21T09:15:38+00:00","dateModified":"2024-04-03T09:28:09+00:00","breadcrumb":{"@id":"https:\/\/www.dropyourluggage.it\/it\/privacy-policy\/#breadcrumb"},"inLanguage":"it-IT","potentialAction":[{"@type":"ReadAction","target":["https:\/\/www.dropyourluggage.it\/it\/privacy-policy\/"]}]},{"@type":"BreadcrumbList","@id":"https:\/\/www.dropyourluggage.it\/it\/privacy-policy\/#breadcrumb","itemListElement":[{"@type":"ListItem","position":1,"name":"Home","item":"https:\/\/www.dropyourluggage.it\/it\/"},{"@type":"ListItem","position":2,"name":"Privacy policy"}]},{"@type":"WebSite","@id":"https:\/\/www.dropyourluggage.it\/it\/#website","url":"https:\/\/www.dropyourluggage.it\/it\/","name":"Dropy Our Luggage","description":"","publisher":{"@id":"https:\/\/www.dropyourluggage.it\/it\/#organization"},"potentialAction":[{"@type":"SearchAction","target":{"@type":"EntryPoint","urlTemplate":"https:\/\/www.dropyourluggage.it\/it\/?s={search_term_string}"},"query-input":{"@type":"PropertyValueSpecification","valueRequired":true,"valueName":"search_term_string"}}],"inLanguage":"it-IT"},{"@type":"Organization","@id":"https:\/\/www.dropyourluggage.it\/it\/#organization","name":"Dropy Our Luggage","url":"https:\/\/www.dropyourluggage.it\/it\/","logo":{"@type":"ImageObject","inLanguage":"it-IT","@id":"https:\/\/www.dropyourluggage.it\/it\/#\/schema\/logo\/image\/","url":"https:\/\/www.dropyourluggage.it\/wp-content\/uploads\/2024\/03\/logo.png","contentUrl":"https:\/\/www.dropyourluggage.it\/wp-content\/uploads\/2024\/03\/logo.png","width":400,"height":405,"caption":"Dropy Our Luggage"},"image":{"@id":"https:\/\/www.dropyourluggage.it\/it\/#\/schema\/logo\/image\/"}}]}},"_links":{"self":[{"href":"https:\/\/www.dropyourluggage.it\/it\/wp-json\/wp\/v2\/pages\/144","targetHints":{"allow":["GET"]}}],"collection":[{"href":"https:\/\/www.dropyourluggage.it\/it\/wp-json\/wp\/v2\/pages"}],"about":[{"href":"https:\/\/www.dropyourluggage.it\/it\/wp-json\/wp\/v2\/types\/page"}],"author":[{"embeddable":true,"href":"https:\/\/www.dropyourluggage.it\/it\/wp-json\/wp\/v2\/users\/2"}],"replies":[{"embeddable":true,"href":"https:\/\/www.dropyourluggage.it\/it\/wp-json\/wp\/v2\/comments?post=144"}],"version-history":[{"count":4,"href":"https:\/\/www.dropyourluggage.it\/it\/wp-json\/wp\/v2\/pages\/144\/revisions"}],"predecessor-version":[{"id":407,"href":"https:\/\/www.dropyourluggage.it\/it\/wp-json\/wp\/v2\/pages\/144\/revisions\/407"}],"wp:attachment":[{"href":"https:\/\/www.dropyourluggage.it\/it\/wp-json\/wp\/v2\/media?parent=144"}],"curies":[{"name":"wp","href":"https:\/\/api.w.org\/{rel}","templated":true}]}}